{"id":19616,"date":"2015-09-23T08:50:11","date_gmt":"2015-09-23T08:50:11","guid":{"rendered":""},"modified":"2021-03-08T06:09:02","modified_gmt":"2021-03-08T06:09:02","slug":"alta","status":"publish","type":"page","link":"https:\/\/www.proper.cat\/guia\/alta\/","title":{"rendered":"Dona&#8217;t d&#8217;alta a la guia"},"content":{"rendered":"\n<form action=\"\/guia\/wp-json\/wp\/v2\/pages\/19616\" method=\"post\" id=\"submit-job-form\" class=\"job-manager-form\" enctype=\"multipart\/form-data\">\n\n\t\n\t\n\t\n\t\t\t<fieldset>\n\t\t<label>Tens un compte?<\/label>\n\t\t<div class=\"field account-sign-in lwa\">\n\t\t\t<a class=\"button lwa-links-modal lwa-login-link\" href=\"https:\/\/www.proper.cat\/guia\/wp-login.php?redirect_to=https%3A%2F%2Fwww.proper.cat%2Fguia%2Falta%2F&modal_login=true#login\">Registra't<\/a>\n\n\t\t\t\n\t\t\t\tIf you don&rsquo;t have an account you can create one below by entering your email address\/username. Your account details will be confirmed via email.\n\t\t\t\n\t\t<\/div>\n\t<\/fieldset>\n\t\t\t\t\t<fieldset>\n\t\t\t<label>Contrasenya <\/label>\n\t\t\t<div class=\"field\">\n\t\t\t\t<input type=\"password\" class=\"input-text\" name=\"create_account_password\" id=\"create_account_password\" value=\"\" \/>\n\t\t\t<\/div>\n\t\t<\/fieldset>\n\t\t<fieldset>\n\t\t\t<label>Verifica la contrasenya\n <\/label>\n\t\t\t<div class=\"field\">\n\t\t\t\t<input type=\"password\" class=\"input-text\" name=\"create_account_password_verify\" id=\"create_account_password_verify\" value=\"\" \/>\n\t\t\t<\/div>\n\t\t<\/fieldset>\n\t\t<fieldset>\n\t\t<label>Your email <\/label>\n\t\t<div class=\"field\">\n\t\t\t<input type=\"email\" class=\"input-text\" name=\"create_account_email\" id=\"account_email\" placeholder=\"tu@elteudomini.com\" value=\"\" \/>\n\t\t<\/div>\n\t<\/fieldset>\n\t\n\n\t\n\t\n\t\t<!-- Job Information Fields -->\n\t\t\n\t\t\t\t\t<fieldset class=\"fieldset-job_title\">\n\t\t\t\t<label for=\"job_title\">\n\t\t\t\t\tNom de la fitxa\t\t\t\t<\/label>\n\t\t\t\t<div class=\"field required-field\">\n\t\t\t\t\t<input type=\"text\" class=\"input-text\" name=\"job_title\" id=\"job_title\" placeholder=\"Nom de la fitxa\" value=\"\" maxlength=\"\" required \/>\n\t\t\t\t<\/div>\n\t\t\t<\/fieldset>\n\t\t\t\t\t<fieldset class=\"fieldset-company_tagline\">\n\t\t\t\t<label for=\"company_tagline\">\n\t\t\t\t\tLema <small>(opcional)<\/small>\t\t\t\t<\/label>\n\t\t\t\t<div class=\"field \">\n\t\t\t\t\t<input type=\"text\" class=\"input-text\" name=\"company_tagline\" id=\"company_tagline\" placeholder=\"p. ex., Et portem el territori a la taula\" value=\"\" maxlength=\"64\"  \/>\n<small class=\"field-description\"><span class=\"description_tooltip left\">Millor breu i descriptiu: apareix a la p\u00e0gina de resultats<\/span><\/small>\t\t\t\t<\/div>\n\t\t\t<\/fieldset>\n\t\t\t\t\t<fieldset class=\"fieldset-job_description\">\n\t\t\t\t<label for=\"job_description\">\n\t\t\t\t\tDescripci\u00f3\t\t\t\t<\/label>\n\t\t\t\t<div class=\"field required-field\">\n\t\t\t\t\t<div id=\"wp-job_description-wrap\" class=\"wp-core-ui wp-editor-wrap tmce-active\"><link rel='stylesheet' id='dashicons-css' href='https:\/\/www.proper.cat\/guia\/wp-includes\/css\/dashicons.min.css?ver=6.2.9' type='text\/css' media='all' \/>\n<link rel='stylesheet' id='editor-buttons-css' href='https:\/\/www.proper.cat\/guia\/wp-includes\/css\/editor.min.css?ver=6.2.9' type='text\/css' media='all' \/>\n<div id=\"wp-job_description-editor-container\" class=\"wp-editor-container\"><textarea class=\"wp-editor-area\" rows=\"8\" autocomplete=\"off\" cols=\"40\" name=\"job_description\" id=\"job_description\"><\/textarea><\/div>\n<\/div>\n\n\t\t\t\t<\/div>\n\t\t\t<\/fieldset>\n\t\t\t\t\t<fieldset class=\"fieldset-job_category\">\n\t\t\t\t<label for=\"job_category\">\n\t\t\t\t\tCategoria de la fitxa\t\t\t\t<\/label>\n\t\t\t\t<div class=\"field required-field\">\n\t\t\t\t\t<select name='job_category[]' id='job_category' class='job-manager-category-dropdown ' multiple='multiple' data-placeholder='Tria una o m\u00e9s categories' data-no_results_text='No results match' data-multiple_text='Select Some Options'>\n\t<option class=\"level-0\" value=\"172\">Elaboradors<\/option>\n\t<option class=\"level-1\" value=\"98\">&nbsp;&nbsp;&nbsp;Conserves<\/option>\n\t<option class=\"level-0\" value=\"45\">Vins, cerveses, licors<\/option>\n\t<option class=\"level-1\" value=\"47\">&nbsp;&nbsp;&nbsp;Caves<\/option>\n\t<option class=\"level-1\" value=\"50\">&nbsp;&nbsp;&nbsp;Cerveses<\/option>\n\t<option class=\"level-1\" value=\"79\">&nbsp;&nbsp;&nbsp;Vins<\/option>\n\t<option class=\"level-2\" value=\"55\">&nbsp;&nbsp;&nbsp;&nbsp;&nbsp;&nbsp;Cellers<\/option>\n\t<option class=\"level-0\" value=\"60\">Productors<\/option>\n\t<option class=\"level-1\" value=\"43\">&nbsp;&nbsp;&nbsp;Verdures i hortalisses<\/option>\n\t<option class=\"level-2\" value=\"170\">&nbsp;&nbsp;&nbsp;&nbsp;&nbsp;&nbsp;Fruits secs<\/option>\n\t<option class=\"level-2\" value=\"106\">&nbsp;&nbsp;&nbsp;&nbsp;&nbsp;&nbsp;Fruites<\/option>\n\t<option class=\"level-1\" value=\"51\">&nbsp;&nbsp;&nbsp;Oli, olives<\/option>\n\t<option class=\"level-1\" value=\"59\">&nbsp;&nbsp;&nbsp;Aus, ous<\/option>\n\t<option class=\"level-2\" value=\"159\">&nbsp;&nbsp;&nbsp;&nbsp;&nbsp;&nbsp;Pollastres<\/option>\n\t<option class=\"level-1\" value=\"65\">&nbsp;&nbsp;&nbsp;Ramaders<\/option>\n\t<option class=\"level-2\" value=\"150\">&nbsp;&nbsp;&nbsp;&nbsp;&nbsp;&nbsp;Vedella<\/option>\n\t<option class=\"level-2\" value=\"153\">&nbsp;&nbsp;&nbsp;&nbsp;&nbsp;&nbsp;Xais i cabres<\/option>\n\t<option class=\"level-2\" value=\"158\">&nbsp;&nbsp;&nbsp;&nbsp;&nbsp;&nbsp;Porc<\/option>\n\t<option class=\"level-2\" value=\"165\">&nbsp;&nbsp;&nbsp;&nbsp;&nbsp;&nbsp;Conill<\/option>\n\t<option class=\"level-1\" value=\"70\">&nbsp;&nbsp;&nbsp;L\u00e0ctics<\/option>\n\t<option class=\"level-2\" value=\"149\">&nbsp;&nbsp;&nbsp;&nbsp;&nbsp;&nbsp;Gelats<\/option>\n\t<option class=\"level-2\" value=\"72\">&nbsp;&nbsp;&nbsp;&nbsp;&nbsp;&nbsp;Iogurts<\/option>\n\t<option class=\"level-2\" value=\"75\">&nbsp;&nbsp;&nbsp;&nbsp;&nbsp;&nbsp;Formatges<\/option>\n\t<option class=\"level-1\" value=\"73\">&nbsp;&nbsp;&nbsp;Cereals i llegums<\/option>\n\t<option class=\"level-1\" value=\"105\">&nbsp;&nbsp;&nbsp;Farines<\/option>\n\t<option class=\"level-0\" value=\"66\">Pastes, arrossos, farines i llegums<\/option>\n\t<option class=\"level-1\" value=\"69\">&nbsp;&nbsp;&nbsp;Pasta<\/option>\n\t<option class=\"level-0\" value=\"67\">Pa<\/option>\n\t<option class=\"level-0\" value=\"71\">Embotits<\/option>\n\t<option class=\"level-0\" value=\"102\">Mel<\/option>\n\t<option class=\"level-0\" value=\"78\">Xocolata<\/option>\n\t<option class=\"level-0\" value=\"96\">Bolets<\/option>\n\t<option class=\"level-0\" value=\"97\">T\u00f2fones<\/option>\n\t<option class=\"level-0\" value=\"58\">Botigues<\/option>\n\t<option class=\"level-1\" value=\"147\">&nbsp;&nbsp;&nbsp;Cistella ecol\u00f2gica<\/option>\n\t<option class=\"level-1\" value=\"169\">&nbsp;&nbsp;&nbsp;SuperCoop Manresa<\/option>\n\t<option class=\"level-0\" value=\"74\">Restaurants<\/option>\n\t<option class=\"level-1\" value=\"101\">&nbsp;&nbsp;&nbsp;Mas de la Sala<\/option>\n\t<option class=\"level-0\" value=\"100\">Entitats i associacions<\/option>\n\t<option class=\"level-1\" value=\"163\">&nbsp;&nbsp;&nbsp;Territori de Masies<\/option>\n\t<option class=\"level-1\" value=\"99\">&nbsp;&nbsp;&nbsp;Cooperatives de consum<\/option>\n\t<option class=\"level-0\" value=\"122\">Roba<\/option>\n\t<option class=\"level-1\" value=\"123\">&nbsp;&nbsp;&nbsp;teixits<\/option>\n\t<option class=\"level-0\" value=\"121\">Visites<\/option>\n\t<option class=\"level-0\" value=\"168\">Producte Ling\u00fc\u00edsticament Responsable<\/option>\n<\/select>\n<small class=\"field-description\"><span class=\"description_tooltip right\">Els usuaris poden filtrar per les categories que volen - tria b\u00e9 i selecciona les que siguin rellevants per a tu<\/span><\/small>\t\t\t\t<\/div>\n\t\t\t<\/fieldset>\n\t\t\t\t\t<fieldset class=\"fieldset-job_location\">\n\t\t\t\t<label for=\"job_location\">\n\t\t\t\t\tLocalitat <small>(opcional)<\/small>\t\t\t\t<\/label>\n\t\t\t\t<div class=\"field \">\n\t\t\t\t\t<input type=\"text\" class=\"input-text\" name=\"job_location\" id=\"job_location\" placeholder=\"p. ex., Ctra. de l&#039;Arrabassada, Sant Kevin de la Vall Fosca\" value=\"\" maxlength=\"\"  \/>\n<small class=\"field-description\">Deixa-ho en blanc, si la localitat no \u00e9s rellevant.<\/small>\t\t\t\t<\/div>\n\t\t\t<\/fieldset>\n\t\t\t\t\t<fieldset class=\"fieldset-job_region\">\n\t\t\t\t<label for=\"job_region\">\n\t\t\t\t\tListing Region\t\t\t\t<\/label>\n\t\t\t\t<div class=\"field required-field\">\n\t\t\t\t\t<select  name='job_region' id='job_region' class='postform'>\n\t<option value=''>Selecciona Comarca<\/option>\n\t<option class=\"level-0\" value=\"171\">Pallars Juss\u00e0<\/option>\n\t<option class=\"level-0\" value=\"173\">Llu\u00e7an\u00e8s<\/option>\n\t<option class=\"level-0\" value=\"166\">Alt Camp<\/option>\n\t<option class=\"level-0\" value=\"167\">Alt Pened\u00e8s<\/option>\n\t<option class=\"level-0\" value=\"157\">Alt Empord\u00e0<\/option>\n\t<option class=\"level-0\" value=\"143\">Alt Urgell<\/option>\n\t<option class=\"level-0\" value=\"124\">Anoia<\/option>\n\t<option class=\"level-0\" value=\"125\">Bages<\/option>\n\t<option class=\"level-0\" value=\"139\">Baix Camp<\/option>\n\t<option class=\"level-0\" value=\"128\">Baix Ebre<\/option>\n\t<option class=\"level-0\" value=\"134\">Baix Empord\u00e0<\/option>\n\t<option class=\"level-0\" value=\"127\">Baix Llobregat<\/option>\n\t<option class=\"level-0\" value=\"155\">Baix Pened\u00e8s<\/option>\n\t<option class=\"level-0\" value=\"148\">Barcelon\u00e8s<\/option>\n\t<option class=\"level-0\" value=\"130\">Bergued\u00e0<\/option>\n\t<option class=\"level-0\" value=\"156\">Cerdanya<\/option>\n\t<option class=\"level-0\" value=\"126\">Conca de Barber\u00e0<\/option>\n\t<option class=\"level-0\" value=\"145\">Garraf<\/option>\n\t<option class=\"level-0\" value=\"137\">Garrotxa<\/option>\n\t<option class=\"level-0\" value=\"152\">Giron\u00e8s<\/option>\n\t<option class=\"level-0\" value=\"133\">Maresme<\/option>\n\t<option class=\"level-0\" value=\"131\">Moian\u00e8s<\/option>\n\t<option class=\"level-0\" value=\"164\">Noguera<\/option>\n\t<option class=\"level-0\" value=\"135\">Osona<\/option>\n\t<option class=\"level-0\" value=\"162\">Pla d&#8217;Urgell<\/option>\n\t<option class=\"level-0\" value=\"141\">Priorat<\/option>\n\t<option class=\"level-0\" value=\"160\">Ribera d&#8217;Ebre<\/option>\n\t<option class=\"level-0\" value=\"161\">Ripoll\u00e8s<\/option>\n\t<option class=\"level-0\" value=\"132\">Segarra<\/option>\n\t<option class=\"level-0\" value=\"142\">Segri\u00e0<\/option>\n\t<option class=\"level-0\" value=\"129\">Solson\u00e8s<\/option>\n\t<option class=\"level-0\" value=\"140\">Tarragon\u00e8s<\/option>\n\t<option class=\"level-0\" value=\"154\">Terra Alta<\/option>\n\t<option class=\"level-0\" value=\"144\">Urgell<\/option>\n\t<option class=\"level-0\" value=\"138\">Vall\u00e8s Occidental<\/option>\n\t<option class=\"level-0\" value=\"136\">Vall\u00e8s Oriental<\/option>\n<\/select>\n\t\t\t\t<\/div>\n\t\t\t<\/fieldset>\n\t\t\t\t\t<fieldset class=\"fieldset-company_logo\">\n\t\t\t\t<label for=\"company_logo\">\n\t\t\t\t\tLogo <small>(opcional)<\/small>\t\t\t\t<\/label>\n\t\t\t\t<div class=\"field \">\n\t\t\t\t\t<div class=\"job-manager-uploaded-files\">\n\t<\/div>\n\n<input type=\"file\" class=\"input-text\" data-file_types=\"jpg|jpeg|gif|png\"  name=\"company_logo\" id=\"company_logo\" placeholder=\"\" \/>\n<small class=\"field-description\">\n\t\t\tLa primera imatge \u00e9s la que es mostrar\u00e0 a la p\u00e0gina de resultats.\t<\/small>\t\t\t\t<\/div>\n\t\t\t<\/fieldset>\n\t\t\t\t\t<fieldset class=\"fieldset-main_image\">\n\t\t\t\t<label for=\"main_image\">\n\t\t\t\t\tImatges  <small>(opcional)<\/small>\t\t\t\t<\/label>\n\t\t\t\t<div class=\"field \">\n\t\t\t\t\t<div class=\"job-manager-uploaded-files\">\n\t<\/div>\n\n<input type=\"file\" class=\"input-text\" data-file_types=\"jpg|jpeg|gif|png\" multiple name=\"main_image[]\" id=\"main_image\" placeholder=\"\" \/>\n<small class=\"field-description\">\n\t\t\tLa primera imatge \u00e9s la que es mostrar\u00e0 a la p\u00e0gina de resultats.\t<\/small>\t\t\t\t<\/div>\n\t\t\t<\/fieldset>\n\t\t\t\t\t<fieldset class=\"fieldset-job_hours\">\n\t\t\t\t<label for=\"job_hours\">\n\t\t\t\t\tHorari d&#039;atenci\u00f3 <small>(opcional)<\/small>\t\t\t\t<\/label>\n\t\t\t\t<div class=\"field \">\n\t\t\t\t\t<textarea cols=\"20\" rows=\"3\" class=\"input-text\" name=\"job_hours\" id=\"job_hours\" placeholder=\"Dil - Div: 09:00 - 23:00 \nDis - Diu: 17:00 - 23:00\" maxlength=\"\" ><\/textarea>\n<small class=\"field-description\"><span class=\"description_tooltip right\">No et tallis, canvia el format i deixa el que s&#039;ajusti al teu cas.<\/span><\/small>\t\t\t\t<\/div>\n\t\t\t<\/fieldset>\n\t\t\t\t\t<fieldset class=\"fieldset-company_phone\">\n\t\t\t\t<label for=\"company_phone\">\n\t\t\t\t\tTel\u00e8fon <small>(opcional)<\/small>\t\t\t\t<\/label>\n\t\t\t\t<div class=\"field \">\n\t\t\t\t\t<input type=\"text\" class=\"input-text\" name=\"company_phone\" id=\"company_phone\" placeholder=\"p. ex., 678-432-654\" value=\"\" maxlength=\"\"  \/>\n\t\t\t\t<\/div>\n\t\t\t<\/fieldset>\n\t\t\t\t\t<fieldset class=\"fieldset-company_website\">\n\t\t\t\t<label for=\"company_website\">\n\t\t\t\t\tLloc web <small>(opcional)<\/small>\t\t\t\t<\/label>\n\t\t\t\t<div class=\"field \">\n\t\t\t\t\t<input type=\"text\" class=\"input-text\" name=\"company_website\" id=\"company_website\" placeholder=\"p. ex., elteullocweb.cat, Barcelona\" value=\"\" maxlength=\"\"  \/>\n\t\t\t\t<\/div>\n\t\t\t<\/fieldset>\n\t\t\t\t\t<fieldset class=\"fieldset-remote_position\">\n\t\t\t\t<label for=\"remote_position\">\n\t\t\t\t\tRemote Position <small>(opcional)<\/small>\t\t\t\t<\/label>\n\t\t\t\t<div class=\"field \">\n\t\t\t\t\t<input type=\"checkbox\" class=\"input-checkbox\" name=\"remote_position\" id=\"remote_position\"  value=\"1\"  \/>\n<small class=\"field-description\">Select if this is a remote position.<\/small>\t\t\t\t<\/div>\n\t\t\t<\/fieldset>\n\t\t\t\t\t<fieldset class=\"fieldset-company_twitter\">\n\t\t\t\t<label for=\"company_twitter\">\n\t\t\t\t\tCompte de twitter <small>(opcional)<\/small>\t\t\t\t<\/label>\n\t\t\t\t<div class=\"field \">\n\t\t\t\t\t<input type=\"text\" class=\"input-text\" name=\"company_twitter\" id=\"company_twitter\" placeholder=\"@latevaempresa\" value=\"\" maxlength=\"\"  \/>\n\t\t\t\t<\/div>\n\t\t\t<\/fieldset>\n\t\t\n\t\t\n\t\t<!-- Company Information Fields -->\n\t\t\t\t\t\t\t\t\t\t\n\t\t\n\t\t<p>\n\t\t\t<input type=\"hidden\" name=\"job_manager_form\" value=\"submit-job\" \/>\n\t\t\t<input type=\"hidden\" name=\"job_id\" value=\"0\" \/>\n\t\t\t<input type=\"hidden\" name=\"step\" value=\"0\" \/>\n\t\t\t<input type=\"submit\" name=\"submit_job\" class=\"button\" value=\"Preview\" \/>\n\t\t\t\t\t<\/p>\n\n\t<\/form>\n<div class=\"twocolumn\"><\/div>\n<div class=\"twocolumn\">\n<p>&nbsp;<\/p>\n<h5>Alguna pregunta?<\/h5>\n<p>Estem aqu\u00ed per ajudar-te. <a href=\"https:\/\/www.proper.cat\/guia\/info\/\">Contacta amb nosaltres.<\/a><\/p>\n<\/div>\n","protected":false},"excerpt":{"rendered":"<p>Guanya visibilitat<\/p>\n","protected":false},"author":1,"featured_media":0,"parent":0,"menu_order":0,"comment_status":"closed","ping_status":"closed","template":"","meta":[],"acf":[],"yoast_head":"<!-- This site is optimized with the Yoast SEO plugin v20.11 - https:\/\/yoast.com\/wordpress\/plugins\/seo\/ -->\n<title>Dona&#039;t d&#039;alta a la guia - guia proper.cat<\/title>\n<meta name=\"description\" content=\"Dona\u2019t d\u2019alta a la guia del producte local, de proximitat. Guanya visibilitat. Arriba a ubna comunitat compromesa.\" \/>\n<meta name=\"robots\" content=\"index, follow, max-snippet:-1, max-image-preview:large, max-video-preview:-1\" \/>\n<link rel=\"canonical\" href=\"https:\/\/www.proper.cat\/guia\/alta\/\" \/>\n<meta property=\"og:locale\" content=\"ca_ES\" \/>\n<meta property=\"og:type\" content=\"article\" \/>\n<meta property=\"og:title\" content=\"Dona&#039;t d&#039;alta a la guia - guia proper.cat\" \/>\n<meta property=\"og:description\" content=\"Dona\u2019t d\u2019alta a la guia del producte local, de proximitat. Guanya visibilitat. Arriba a ubna comunitat compromesa.\" \/>\n<meta property=\"og:url\" content=\"https:\/\/www.proper.cat\/guia\/alta\/\" \/>\n<meta property=\"og:site_name\" content=\"guia proper.cat\" \/>\n<meta property=\"article:modified_time\" content=\"2021-03-08T06:09:02+00:00\" \/>\n<meta name=\"twitter:card\" content=\"summary_large_image\" \/>\n<script type=\"application\/ld+json\" class=\"yoast-schema-graph\">{\"@context\":\"https:\/\/schema.org\",\"@graph\":[{\"@type\":\"WebPage\",\"@id\":\"https:\/\/www.proper.cat\/guia\/alta\/\",\"url\":\"https:\/\/www.proper.cat\/guia\/alta\/\",\"name\":\"Dona't d'alta a la guia - guia proper.cat\",\"isPartOf\":{\"@id\":\"https:\/\/www.proper.cat\/guia\/#website\"},\"datePublished\":\"2015-09-23T08:50:11+00:00\",\"dateModified\":\"2021-03-08T06:09:02+00:00\",\"description\":\"Dona\u2019t d\u2019alta a la guia del producte local, de proximitat. Guanya visibilitat. Arriba a ubna comunitat compromesa.\",\"breadcrumb\":{\"@id\":\"https:\/\/www.proper.cat\/guia\/alta\/#breadcrumb\"},\"inLanguage\":\"ca\",\"potentialAction\":[{\"@type\":\"ReadAction\",\"target\":[\"https:\/\/www.proper.cat\/guia\/alta\/\"]}]},{\"@type\":\"BreadcrumbList\",\"@id\":\"https:\/\/www.proper.cat\/guia\/alta\/#breadcrumb\",\"itemListElement\":[{\"@type\":\"ListItem\",\"position\":1,\"name\":\"Inici\",\"item\":\"https:\/\/www.proper.cat\/guia\/\"},{\"@type\":\"ListItem\",\"position\":2,\"name\":\"Dona&#8217;t d&#8217;alta a la guia\"}]},{\"@type\":\"WebSite\",\"@id\":\"https:\/\/www.proper.cat\/guia\/#website\",\"url\":\"https:\/\/www.proper.cat\/guia\/\",\"name\":\"guia proper.cat\",\"description\":\"La guia Proper\",\"publisher\":{\"@id\":\"https:\/\/www.proper.cat\/guia\/#organization\"},\"potentialAction\":[{\"@type\":\"SearchAction\",\"target\":{\"@type\":\"EntryPoint\",\"urlTemplate\":\"https:\/\/www.proper.cat\/guia\/?s={search_term_string}\"},\"query-input\":\"required name=search_term_string\"}],\"inLanguage\":\"ca\"},{\"@type\":\"Organization\",\"@id\":\"https:\/\/www.proper.cat\/guia\/#organization\",\"name\":\"Proper\",\"url\":\"https:\/\/www.proper.cat\/guia\/\",\"logo\":{\"@type\":\"ImageObject\",\"inLanguage\":\"ca\",\"@id\":\"https:\/\/www.proper.cat\/guia\/#\/schema\/logo\/image\/\",\"url\":\"https:\/\/www.proper.cat\/guia\/wp-content\/uploads\/2019\/01\/logo.gif\",\"contentUrl\":\"https:\/\/www.proper.cat\/guia\/wp-content\/uploads\/2019\/01\/logo.gif\",\"width\":378,\"height\":390,\"caption\":\"Proper\"},\"image\":{\"@id\":\"https:\/\/www.proper.cat\/guia\/#\/schema\/logo\/image\/\"}}]}<\/script>\n<!-- \/ Yoast SEO plugin. -->","yoast_head_json":{"title":"Dona't d'alta a la guia - guia proper.cat","description":"Dona\u2019t d\u2019alta a la guia del producte local, de proximitat. Guanya visibilitat. Arriba a ubna comunitat compromesa.","robots":{"index":"index","follow":"follow","max-snippet":"max-snippet:-1","max-image-preview":"max-image-preview:large","max-video-preview":"max-video-preview:-1"},"canonical":"https:\/\/www.proper.cat\/guia\/alta\/","og_locale":"ca_ES","og_type":"article","og_title":"Dona't d'alta a la guia - guia proper.cat","og_description":"Dona\u2019t d\u2019alta a la guia del producte local, de proximitat. Guanya visibilitat. Arriba a ubna comunitat compromesa.","og_url":"https:\/\/www.proper.cat\/guia\/alta\/","og_site_name":"guia proper.cat","article_modified_time":"2021-03-08T06:09:02+00:00","twitter_card":"summary_large_image","schema":{"@context":"https:\/\/schema.org","@graph":[{"@type":"WebPage","@id":"https:\/\/www.proper.cat\/guia\/alta\/","url":"https:\/\/www.proper.cat\/guia\/alta\/","name":"Dona't d'alta a la guia - guia proper.cat","isPartOf":{"@id":"https:\/\/www.proper.cat\/guia\/#website"},"datePublished":"2015-09-23T08:50:11+00:00","dateModified":"2021-03-08T06:09:02+00:00","description":"Dona\u2019t d\u2019alta a la guia del producte local, de proximitat. Guanya visibilitat. Arriba a ubna comunitat compromesa.","breadcrumb":{"@id":"https:\/\/www.proper.cat\/guia\/alta\/#breadcrumb"},"inLanguage":"ca","potentialAction":[{"@type":"ReadAction","target":["https:\/\/www.proper.cat\/guia\/alta\/"]}]},{"@type":"BreadcrumbList","@id":"https:\/\/www.proper.cat\/guia\/alta\/#breadcrumb","itemListElement":[{"@type":"ListItem","position":1,"name":"Inici","item":"https:\/\/www.proper.cat\/guia\/"},{"@type":"ListItem","position":2,"name":"Dona&#8217;t d&#8217;alta a la guia"}]},{"@type":"WebSite","@id":"https:\/\/www.proper.cat\/guia\/#website","url":"https:\/\/www.proper.cat\/guia\/","name":"guia proper.cat","description":"La guia Proper","publisher":{"@id":"https:\/\/www.proper.cat\/guia\/#organization"},"potentialAction":[{"@type":"SearchAction","target":{"@type":"EntryPoint","urlTemplate":"https:\/\/www.proper.cat\/guia\/?s={search_term_string}"},"query-input":"required name=search_term_string"}],"inLanguage":"ca"},{"@type":"Organization","@id":"https:\/\/www.proper.cat\/guia\/#organization","name":"Proper","url":"https:\/\/www.proper.cat\/guia\/","logo":{"@type":"ImageObject","inLanguage":"ca","@id":"https:\/\/www.proper.cat\/guia\/#\/schema\/logo\/image\/","url":"https:\/\/www.proper.cat\/guia\/wp-content\/uploads\/2019\/01\/logo.gif","contentUrl":"https:\/\/www.proper.cat\/guia\/wp-content\/uploads\/2019\/01\/logo.gif","width":378,"height":390,"caption":"Proper"},"image":{"@id":"https:\/\/www.proper.cat\/guia\/#\/schema\/logo\/image\/"}}]}},"_links":{"self":[{"href":"https:\/\/www.proper.cat\/guia\/wp-json\/wp\/v2\/pages\/19616"}],"collection":[{"href":"https:\/\/www.proper.cat\/guia\/wp-json\/wp\/v2\/pages"}],"about":[{"href":"https:\/\/www.proper.cat\/guia\/wp-json\/wp\/v2\/types\/page"}],"author":[{"embeddable":true,"href":"https:\/\/www.proper.cat\/guia\/wp-json\/wp\/v2\/users\/1"}],"replies":[{"embeddable":true,"href":"https:\/\/www.proper.cat\/guia\/wp-json\/wp\/v2\/comments?post=19616"}],"version-history":[{"count":3,"href":"https:\/\/www.proper.cat\/guia\/wp-json\/wp\/v2\/pages\/19616\/revisions"}],"predecessor-version":[{"id":20700,"href":"https:\/\/www.proper.cat\/guia\/wp-json\/wp\/v2\/pages\/19616\/revisions\/20700"}],"wp:attachment":[{"href":"https:\/\/www.proper.cat\/guia\/wp-json\/wp\/v2\/media?parent=19616"}],"curies":[{"name":"wp","href":"https:\/\/api.w.org\/{rel}","templated":true}]}}